{"id":25,"date":"2009-06-09T22:18:05","date_gmt":"2009-06-09T20:18:05","guid":{"rendered":"http:\/\/www.steuerberater-reinold.de\/blog\/?page_id=25"},"modified":"2018-05-26T16:13:57","modified_gmt":"2018-05-26T14:13:57","slug":"was-soll-das","status":"publish","type":"page","link":"https:\/\/steuerberater-reinold.de\/blog\/was-soll-das\/","title":{"rendered":"Was soll das"},"content":{"rendered":"<p>Dieser Blog soll solide laufende Informationen rund um das Steuerrecht zur Verf\u00fcgung stellen. Er wendet sich vor allem an die steuerlichen Laien, die aus beruflichen oder sonstigen Gr\u00fcnden gezwungen sind sich mit dem trockenen Thema Steuerrecht zu befassen und von den Themen des Blogs betroffen sind oder sich davon betroffen f\u00fchlen. Ein gewisser Schwerpunkt der Artikel bildet sich um die steuerrechtlichen Problematiken der Unternehmer in der IT- und Medienbranche, der k\u00fcnstlerischen (Text, Foto, Film, Grafik, Musik) und sonstigen Berufe im Kulturbereich sowie der Heilberufe. Die steuerlichen Facetten des Immobilienbesitzes\u00a0 und bestimmte Themen zum ausl\u00e4ndischen Steuerrecht werden ebenfalls besonders ausgeleuchtet.<\/p>\n<p>Im \u00dcbrigen sollen aber auch aktuelle Ereignisse und Themen mit steuer-, steurpolitischem- und steuerhistorischem Bezug in den Blog aufgenommen werden. Soweit Zusammenh\u00e4nge vom Steuerrecht zu sonstigen Gesetzen bestehen,\u00a0 zum Beispiel zum Urheberrecht,\u00a0 K\u00fcnstlersozialversicherungsrecht, SGB, u.a. werden auch diese Schnittstellen angesprochen.<\/p>\n<p>\u00dcber Erfahrungsberichte von euch aus dem praktischen Alltag mit dem Finanzamt zu den Themen meiner Artikel w\u00fcrde ich mich sehr freuen. Eine gegebenfalls gek\u00fcrzte Ver\u00f6ffentlichung eurer Beitr\u00e4ge behalte ich mir vor. Keinesfalls werde ich stammtischartige Meinungs\u00e4u\u00dferungen zur Ver\u00f6ffentlichung freigeben und bitte auch von vornherein darum, euch diese zu verkneifen. Dagegen haben pointierte oder witzige, auf die Thematik bezogene Kommentare die besten Chancen in meinem Blog ver\u00f6ffentlicht zu werden &#8211; schlie\u00dflich ist das Thema an sich schon trocken genug.<\/p>\n<p>Kommentare, Erg\u00e4nzungen, Anregungen oder sonstige Beitr\u00e4ge von Berufskollegen und anderen Fachleuten auf dem Gebiet des Steuerrechts\u00a0 (z.B. Juristen, Betriebswirten, Wirtschaftshistorikern, Steuerfachwirten, Bilanzbuchhaltern) die auf diesen Blog aufmerksam wurden, sind ebenfalls jederzeit herzlich willkommen, insbesondere auch Beitr\u00e4ge zu ausl\u00e4ndischem Steuerrecht. Ganz besonders freuen w\u00fcrde ich mich auch \u00fcber Beitr\u00e4ge von Historikern, welche sich mit dem Steuerrecht der ersten H\u00e4lfte des 20. Jhrdts. besch\u00e4ftigt haben. Es ist immer wieder interessant und erhellend f\u00fcr das Verst\u00e4ndniss des gegenw\u00e4rtigen Steuerrechts,\u00a0 zu sehen, wie wenig neu vermeintlich neue Ma\u00dfnahmen auf dem Gebiet des Steuerrechts sind.<\/p>\n","protected":false},"excerpt":{"rendered":"<p>Dieser Blog soll solide laufende Informationen rund um das Steuerrecht zur Verf\u00fcgung stellen. Er wendet sich vor allem an die steuerlichen Laien, die aus beruflichen oder sonstigen Gr\u00fcnden gezwungen sind sich mit dem trockenen Thema Steuerrecht zu befassen und von den Themen des Blogs betroffen sind oder sich davon betroffen f\u00fchlen. Ein gewisser Schwerpunkt der &hellip; <a href=\"https:\/\/steuerberater-reinold.de\/blog\/was-soll-das\/\" class=\"more-link\"><span class=\"screen-reader-text\">Was soll das<\/span> weiterlesen<\/a><\/p>\n","protected":false},"author":2,"featured_media":0,"parent":0,"menu_order":0,"comment_status":"closed","ping_status":"closed","template":"","meta":{"footnotes":""},"class_list":["post-25","page","type-page","status-publish","hentry"],"_links":{"self":[{"href":"https:\/\/steuerberater-reinold.de\/blog\/wp-json\/wp\/v2\/pages\/25","targetHints":{"allow":["GET"]}}],"collection":[{"href":"https:\/\/steuerberater-reinold.de\/blog\/wp-json\/wp\/v2\/pages"}],"about":[{"href":"https:\/\/steuerberater-reinold.de\/blog\/wp-json\/wp\/v2\/types\/page"}],"author":[{"embeddable":true,"href":"https:\/\/steuerberater-reinold.de\/blog\/wp-json\/wp\/v2\/users\/2"}],"replies":[{"embeddable":true,"href":"https:\/\/steuerberater-reinold.de\/blog\/wp-json\/wp\/v2\/comments?post=25"}],"version-history":[{"count":1,"href":"https:\/\/steuerberater-reinold.de\/blog\/wp-json\/wp\/v2\/pages\/25\/revisions"}],"predecessor-version":[{"id":66,"href":"https:\/\/steuerberater-reinold.de\/blog\/wp-json\/wp\/v2\/pages\/25\/revisions\/66"}],"wp:attachment":[{"href":"https:\/\/steuerberater-reinold.de\/blog\/wp-json\/wp\/v2\/media?parent=25"}],"curies":[{"name":"wp","href":"https:\/\/api.w.org\/{rel}","templated":true}]}}