{"id":10,"date":"2009-06-08T19:11:32","date_gmt":"2009-06-08T17:11:32","guid":{"rendered":"http:\/\/www.steuerberater-reinold.de\/blog\/?page_id=10"},"modified":"2018-05-26T16:14:12","modified_gmt":"2018-05-26T14:14:12","slug":"impressum","status":"publish","type":"page","link":"https:\/\/steuerberater-reinold.de\/blog\/impressum\/","title":{"rendered":"Impressum"},"content":{"rendered":"<p><strong>Anschrift<\/strong><\/p>\n<p>Leo Reinold, Steuerberater<br \/>\nAugust-Bebel-Str. 48<br \/>\n33602 Bielefeld<\/p>\n<p>Telefon: 05 21 \/ 136 74 20<br \/>\nTelefax: 05 21 \/ 136 74 22<\/p>\n<p>E-Mail: <a href=\"http:\/\/steuerberater-reinold.de\/kontakt.php\">leo@steuerberater-reinold.de<\/a><br \/>\nInternet: <a href=\"http:\/\/steuerberater-reinold.de\/index.php\">www.steuerberater-reinold.de<\/a><\/p>\n<p><strong>Zust\u00e4ndige Aufsichtsbeh\u00f6rde:<\/strong><\/p>\n<p>Steuerberaterkammer Westfalen-Lippe, K.d.\u00f6.R.<br \/>\nErphostrasse 43<br \/>\n48145 M\u00fcnster<\/p>\n<p>Tel.: 02 51 \/ 41 76 4-0<br \/>\nFax: 02 51 \/ 41 76 4-27<\/p>\n<p>E-Mail: <a href=\"mailto:mail@stbk-westfalen-lippe.de\">mail@stbk-westfalen-lippe.de<\/a><\/p>\n<p>Internet: <a href=\"http:\/\/www.stbk-westfalen-lippe.de\/\" target=\"_blank\">www.stbk-westfalen-lippe.de<\/a><\/p>\n<p><strong>Zust\u00e4ndige Kammer:<\/strong><\/p>\n<p>Steuerberaterkammer Westfalen-Lippe, K.d.\u00f6.R.<br \/>\nAnschrift wie oben<\/p>\n<p><strong>Berufsbezeichnung:<\/strong><\/p>\n<p>Steuerberater.  Die gesetzliche Berufsbezeichnung Steuerberater wurde in der  Bundesrepublik Deutschland (Bundesland: Nordrhein-Westfalen) erworben.<\/p>\n<p><strong>Berufsrechtliche Regelungen<\/strong><\/p>\n<ul>\n<li>Steuerberatungsgesetz (StBerG)<\/li>\n<li>Durchf\u00fchrungsverordnung zum Steuerberatungsgesetz (DVStB)<\/li>\n<li>Berufsordnung f\u00fcr Steuerberater (BOStB)<\/li>\n<li>Steuerberatergeb\u00fchrenverordnung (StBGebV)<\/li>\n<\/ul>\n<p>Die Regelungen k\u00f6nnen bei der Bundessteuerberaterkammer unter <a href=\"http:\/\/www.bstbk.de\/\" target=\"_blank\">http:\/\/www.bstbk.de<\/a> (dort unter downloads\/Berufsrecht) eingesehen werden.<\/p>\n<p><strong>Umsatzsteuer-Identifikationsnummer gem\u00e4\u00df \u00a7 27a Umsatzsteuergesetz: <\/strong><\/p>\n<p>DE187961343<\/p>\n<p><strong>Inhaltlich Verantwortlicher gem\u00e4\u00df \u00a7 10 Absatz 3 MDStV: <\/strong><\/p>\n<p>Leo Reinold (Anschrift wie oben)<\/p>\n<p><strong>Verfahrensverzeichnis f\u00fcr Jedermann<br \/>\nAngaben zur verantwortlichen Stelle gem\u00e4\u00df \u00a7 4e Satz 1 Nr. 1-3 BDSG: <\/strong><\/p>\n<p>Leo Reinold, Steuerberater (Anschrift wie oben)<\/p>\n<p><strong>Haftungshinweis: <\/strong><\/p>\n<p>Trotz  sorgf\u00e4ltiger inhaltlicher Kontrolle \u00fcbernehmen wir keine Haftung f\u00fcr  die Inhalte externer Links. F\u00fcr den Inhalt der verlinkten Seiten sind  ausschlie\u00dflich deren Betreiber verantwortlich.<\/p>\n","protected":false},"excerpt":{"rendered":"<p>Anschrift Leo Reinold, Steuerberater August-Bebel-Str. 48 33602 Bielefeld Telefon: 05 21 \/ 136 74 20 Telefax: 05 21 \/ 136 74 22 E-Mail: leo@steuerberater-reinold.de Internet: www.steuerberater-reinold.de Zust\u00e4ndige Aufsichtsbeh\u00f6rde: Steuerberaterkammer Westfalen-Lippe, K.d.\u00f6.R. Erphostrasse 43 48145 M\u00fcnster Tel.: 02 51 \/ 41 76 4-0 Fax: 02 51 \/ 41 76 4-27 E-Mail: mail@stbk-westfalen-lippe.de Internet: www.stbk-westfalen-lippe.de Zust\u00e4ndige Kammer: &hellip; <a href=\"https:\/\/steuerberater-reinold.de\/blog\/impressum\/\" class=\"more-link\"><span class=\"screen-reader-text\">Impressum<\/span> weiterlesen<\/a><\/p>\n","protected":false},"author":2,"featured_media":0,"parent":0,"menu_order":0,"comment_status":"closed","ping_status":"closed","template":"","meta":{"footnotes":""},"class_list":["post-10","page","type-page","status-publish","hentry"],"_links":{"self":[{"href":"https:\/\/steuerberater-reinold.de\/blog\/wp-json\/wp\/v2\/pages\/10","targetHints":{"allow":["GET"]}}],"collection":[{"href":"https:\/\/steuerberater-reinold.de\/blog\/wp-json\/wp\/v2\/pages"}],"about":[{"href":"https:\/\/steuerberater-reinold.de\/blog\/wp-json\/wp\/v2\/types\/page"}],"author":[{"embeddable":true,"href":"https:\/\/steuerberater-reinold.de\/blog\/wp-json\/wp\/v2\/users\/2"}],"replies":[{"embeddable":true,"href":"https:\/\/steuerberater-reinold.de\/blog\/wp-json\/wp\/v2\/comments?post=10"}],"version-history":[{"count":1,"href":"https:\/\/steuerberater-reinold.de\/blog\/wp-json\/wp\/v2\/pages\/10\/revisions"}],"predecessor-version":[{"id":65,"href":"https:\/\/steuerberater-reinold.de\/blog\/wp-json\/wp\/v2\/pages\/10\/revisions\/65"}],"wp:attachment":[{"href":"https:\/\/steuerberater-reinold.de\/blog\/wp-json\/wp\/v2\/media?parent=10"}],"curies":[{"name":"wp","href":"https:\/\/api.w.org\/{rel}","templated":true}]}}